{"id":700,"date":"2020-11-23T14:24:31","date_gmt":"2020-11-23T13:24:31","guid":{"rendered":"http:\/\/2021.marienfeld-apart.de\/WordPress\/?page_id=700"},"modified":"2021-02-15T09:40:46","modified_gmt":"2021-02-15T08:40:46","slug":"vita","status":"publish","type":"page","link":"http:\/\/www.marienfeld-apart.de\/?page_id=700","title":{"rendered":"Vita"},"content":{"rendered":"\n<h1 class=\"has-text-align-center has-vivid-green-cyan-color has-text-color has-large-font-size\"><br>Vita<\/h1>\n\n\n\n<hr class=\"wp-block-separator is-style-wide\"\/>\n\n\n\n<p>Geboren am 21.08.1965 in Bonn, aufgewachsen in einer kreativ-k\u00fcnstlerischen  Familie.<br>Lehrer: Guido Wix (Sch\u00fcler von Joseph Beuys).<br>Autodidaktisch t\u00e4tig.<\/p>\n\n\n\n<div class=\"wp-block-columns\">\n<div class=\"wp-block-column\" style=\"flex-basis:100%\">\n<div class=\"wp-block-group\"><div class=\"wp-block-group__inner-container\">\n<p class=\"has-vivid-green-cyan-color has-text-color has-medium-font-size\">Mitgliedschaften<\/p>\n\n\n\n<ul><li>Seit 2010 Mitglied in der EVBK (Europ\u00e4ische Vereinigung bildender K\u00fcnstler in Eifel und Ardennen)<\/li><li>Seit 2010 Mitglied im \u201eK\u00fcnstlertreff\u201c K\u00f6ln \u2013 Porz<\/li><li>2010 Gr\u00fcndungsmitglied der K\u00fcnstlergruppe \u201eBornheimer \u2013 Kunstquartett\u201c, Bornheim \/ Rheinland<\/li><li>2020 Wahl zur 1. Vorsitzenden des K\u00fcnstlerkreis-Vorgebirge e.V. (seit 2012 Mitglied)<\/li><\/ul>\n<\/div><\/div>\n<\/div>\n<\/div>\n\n\n\n<p class=\"has-vivid-green-cyan-color has-text-color has-medium-font-size\">Ausstellungen \/ Gemeinschaftsausstellungen<\/p>\n\n\n\n<div class=\"wp-block-group\"><div class=\"wp-block-group__inner-container\">\n<p>K\u00fcnstlerkreis Vorgebirge<\/p>\n\n\n\n<ul><li>2012 &#8211; 2018 Jahresausstellung im Rathaus Bornheim<\/li><li>2013 &#8211; 2020 Jahresausstellungen \u201eKunst und Wein\u201c in Bornheim<\/li><li>2013 &#8211; 2016 Jahresausstellungen im Rathaus Alfter<\/li><\/ul>\n<\/div><\/div>\n\n\n\n<div class=\"wp-block-group\"><div class=\"wp-block-group__inner-container\">\n<p><br>K\u00fcnstlertreff K\u00f6ln-Porz:<\/p>\n\n\n\n<ul><li>2009 &#8211; 2016 \u201eKunst trifft Porzer Karneval\u201c- K\u00f6ln<\/li><li>2012 Galerie \u201eOrth-Haus\u201c, Bonn<\/li><li>2014 histor. Rathaus zu K\u00f6ln<\/li><li>2016 Galerie im Bezirksrathaus Porz<\/li><li>2013 &#8211; 2016 \u201ePorz-Art\u201c, K\u00f6ln-Porz<\/li><li>2019 Eintrag in das Goldene Buch, K\u00f6ln-Porz<\/li><li>2020 \u2013 2021 \u201eKunst in Zeiten von Corona\u201c<\/li><\/ul>\n<\/div><\/div>\n\n\n\n<div class=\"wp-block-group\"><div class=\"wp-block-group__inner-container\">\n<p><br>Bornheimer \u201eKunstquartett\u201c<\/p>\n\n\n\n<ul><li>2010 &#8211; 2014 Jahresausstellungen \u201eBornheimer-Kunstquartett\u201c in Bornheim<\/li><li>2014 Rathaus Alfter<\/li><li>2014 st\u00e4dt. Galerie Schwingeler Hof, Wesseling<\/li><li>2014 Teilnahme bei \u201eJazz &amp; Wein\u201c, Bornheim<\/li><li>2015 Bornheimer Golfclub \u201eR\u00f6merhof\u201c<\/li><li>2015 Kaiser-Karl-Klinik, Bonn<\/li><\/ul>\n<\/div><\/div>\n\n\n\n<div class=\"wp-block-group\"><div class=\"wp-block-group__inner-container\">\n<p><br>Akademie Altenahr\/Dernau<\/p>\n\n\n\n<ul><li>2009 &#8211; 2014 Jahresausstellung in der Burg Altendorf \/ Meckenheim<\/li><li>2010\/ 2011 Mitgestaltung des Kunst-Kochb\u00fccher \u201eKunstgenu\u00df\u201c und \u201eWinter-Kunstgenu\u00df\u201c<\/li><li>Mitgestaltung verschiedener Kunstkalender<\/li><li>2012 Er\u00f6ffnung des neuen Ateliers in Dernau\/Ahr<\/li><\/ul>\n<\/div><\/div>\n\n\n\n<div class=\"wp-block-group\"><div class=\"wp-block-group__inner-container\">\n<p><br>EVBK<\/p>\n\n\n\n<ul><li>2011 \u201eIn Pr\u00fcm zuhause\u201c, Pr\u00fcm<\/li><\/ul>\n<\/div><\/div>\n\n\n\n<div class=\"wp-block-group\"><div class=\"wp-block-group__inner-container\">\n<p class=\"has-vivid-green-cyan-color has-text-color has-medium-font-size\"><br><strong><strong>Einzelausstellungen<\/strong><\/strong><\/p>\n\n\n\n<ul><li>2009 Dauerausstellung in den Gesch\u00e4ftsr\u00e4umen der Sanit\u00e4tshaus Koczyba GmbH, Eschweiler<\/li><li>2010 Ausstellung in der Galerie Kohl \u2013 Aachen<\/li><li>2011 Ausstellung, N\u00e4he Poppelsdorfer Schlo\u00df \u2013 Bonn<\/li><li>2011 Ausstellung \u201eJochmanns Kochschule\u201c, Hannover<\/li><li>2012 Ausstellung im Hilton Hotel, Bonn (im Rahmen der Frauenmesse \u201cLa Donna\u201c)<\/li><li>2015 Englisches Cafe \u201eDaisy\u00b4s\u201c, K\u00f6ln-Porz<\/li><\/ul>\n<\/div><\/div>\n\n\n\n<hr class=\"wp-block-separator is-style-wide\"\/>\n\n\n\n<p><\/p>\n","protected":false},"excerpt":{"rendered":"<p>Vita Geboren am 21.08.1965 in Bonn, aufgewachsen in einer kreativ-k\u00fcnstlerischen Familie.Lehrer: Guido Wix (Sch\u00fcler von Joseph Beuys).Autodidaktisch t\u00e4tig. Ausstellungen \/ Gemeinschaftsausstellungen<\/p>\n","protected":false},"author":1,"featured_media":0,"parent":0,"menu_order":0,"comment_status":"closed","ping_status":"closed","template":"page-templates\/page-builder.php","meta":{"ngg_post_thumbnail":0},"_links":{"self":[{"href":"http:\/\/www.marienfeld-apart.de\/index.php?rest_route=\/wp\/v2\/pages\/700"}],"collection":[{"href":"http:\/\/www.marienfeld-apart.de\/index.php?rest_route=\/wp\/v2\/pages"}],"about":[{"href":"http:\/\/www.marienfeld-apart.de\/index.php?rest_route=\/wp\/v2\/types\/page"}],"author":[{"embeddable":true,"href":"http:\/\/www.marienfeld-apart.de\/index.php?rest_route=\/wp\/v2\/users\/1"}],"replies":[{"embeddable":true,"href":"http:\/\/www.marienfeld-apart.de\/index.php?rest_route=%2Fwp%2Fv2%2Fcomments&post=700"}],"version-history":[{"count":10,"href":"http:\/\/www.marienfeld-apart.de\/index.php?rest_route=\/wp\/v2\/pages\/700\/revisions"}],"predecessor-version":[{"id":1570,"href":"http:\/\/www.marienfeld-apart.de\/index.php?rest_route=\/wp\/v2\/pages\/700\/revisions\/1570"}],"wp:attachment":[{"href":"http:\/\/www.marienfeld-apart.de\/index.php?rest_route=%2Fwp%2Fv2%2Fmedia&parent=700"}],"curies":[{"name":"wp","href":"https:\/\/api.w.org\/{rel}","templated":true}]}}